{"id":37202,"date":"2024-09-09T15:15:13","date_gmt":"2024-09-09T13:15:13","guid":{"rendered":"https:\/\/papier-sprick.de\/?page_id=37202"},"modified":"2024-09-09T15:17:32","modified_gmt":"2024-09-09T13:17:32","slug":"metiers-techniques-et-industriels","status":"publish","type":"page","link":"https:\/\/papier-sprick.de\/fr\/carriere\/metiers-techniques-et-industriels\/","title":{"rendered":"M\u00e9tiers techniques et industriels"},"content":{"rendered":"\t\t<div data-elementor-type=\"wp-page\" data-elementor-id=\"37202\" class=\"elementor elementor-37202 elementor-26968\" data-elementor-post-type=\"page\">\n\t\t\t\t<div class=\"elementor-element elementor-element-4d542ca e-flex e-con-boxed e-con e-parent\" data-id=\"4d542ca\" data-element_type=\"container\" data-e-type=\"container\" data-settings=\"{&quot;background_background&quot;:&quot;classic&quot;}\">\n\t\t\t\t\t<div class=\"e-con-inner\">\n\t\t<div data-dce-background-color=\"#FFFFFF\" class=\"elementor-element elementor-element-cdd880a e-con-full e-flex e-con e-child\" data-id=\"cdd880a\" data-element_type=\"container\" data-e-type=\"container\" data-settings=\"{&quot;background_background&quot;:&quot;classic&quot;}\">\n\t\t\t\t<div class=\"elementor-element elementor-element-576f35a dce_masking-none elementor-widget elementor-widget-image\" data-id=\"576f35a\" data-element_type=\"widget\" data-e-type=\"widget\" data-widget_type=\"image.default\">\n\t\t\t\t<div class=\"elementor-widget-container\">\n\t\t\t\t\t\t\t\t\t\t\t\t\t\t\t<img fetchpriority=\"high\" decoding=\"async\" width=\"800\" height=\"298\" src=\"https:\/\/papier-sprick.de\/wp-content\/uploads\/2024\/08\/Header_technisch_gewerblich_1600x595px-1024x381.webp\" class=\"attachment-large size-large wp-image-36166\" alt=\"Technische und gewerbliche Berufe bei Papier Sprick\" srcset=\"https:\/\/papier-sprick.de\/wp-content\/uploads\/2024\/08\/Header_technisch_gewerblich_1600x595px-1024x381.webp 1024w, https:\/\/papier-sprick.de\/wp-content\/uploads\/2024\/08\/Header_technisch_gewerblich_1600x595px-300x112.webp 300w, https:\/\/papier-sprick.de\/wp-content\/uploads\/2024\/08\/Header_technisch_gewerblich_1600x595px-768x286.webp 768w, https:\/\/papier-sprick.de\/wp-content\/uploads\/2024\/08\/Header_technisch_gewerblich_1600x595px-1536x571.webp 1536w, https:\/\/papier-sprick.de\/wp-content\/uploads\/2024\/08\/Header_technisch_gewerblich_1600x595px-600x223.webp 600w, https:\/\/papier-sprick.de\/wp-content\/uploads\/2024\/08\/Header_technisch_gewerblich_1600x595px.webp 1600w\" sizes=\"(max-width: 800px) 100vw, 800px\" title=\"\">\t\t\t\t\t\t\t\t\t\t\t\t\t\t\t<\/div>\n\t\t\t\t<\/div>\n\t\t\t\t<\/div>\n\t\t\t\t\t<\/div>\n\t\t\t\t<\/div>\n\t\t<div class=\"elementor-element elementor-element-642a947 e-flex e-con-boxed e-con e-parent\" data-id=\"642a947\" data-element_type=\"container\" data-e-type=\"container\" data-settings=\"{&quot;background_background&quot;:&quot;classic&quot;}\">\n\t\t\t\t\t<div class=\"e-con-inner\">\n\t\t<div data-dce-background-color=\"#FFFFFF\" class=\"elementor-element elementor-element-881bd2c e-con-full e-flex e-con e-child\" data-id=\"881bd2c\" data-element_type=\"container\" data-e-type=\"container\" data-settings=\"{&quot;background_background&quot;:&quot;classic&quot;}\">\n\t\t\t\t<div class=\"elementor-element elementor-element-f3cc163 elementor-widget elementor-widget-html\" data-id=\"f3cc163\" data-element_type=\"widget\" data-e-type=\"widget\" data-widget_type=\"html.default\">\n\t\t\t\t<div class=\"elementor-widget-container\">\n\t\t\t\t\t<nav aria-label=\"breadcrumbs\" class=\"rank-math-breadcrumb\"><p><span class=\"last\">Start<\/span><\/p><\/nav>\t\t\t\t<\/div>\n\t\t\t\t<\/div>\n\t\t\t\t<div data-dce-title-color=\"#0c0c0c\" class=\"elementor-element elementor-element-13bf56a elementor-widget elementor-widget-heading\" data-id=\"13bf56a\" data-element_type=\"widget\" data-e-type=\"widget\" data-widget_type=\"heading.default\">\n\t\t\t\t<div class=\"elementor-widget-container\">\n\t\t\t\t\t<h1 class=\"elementor-heading-title elementor-size-default\">Les m\u00e9tiers techniques et industriels chez papier sprick<\/h1>\t\t\t\t<\/div>\n\t\t\t\t<\/div>\n\t\t\t\t<div data-dce-text-color=\"#000000\" class=\"elementor-element elementor-element-c249224 elementor-widget elementor-widget-text-editor\" data-id=\"c249224\" data-element_type=\"widget\" data-e-type=\"widget\" data-widget_type=\"text-editor.default\">\n\t\t\t\t<div class=\"elementor-widget-container\">\n\t\t\t\t\t\t\t\t\t<p>Nos m\u00e9tiers techniques et industriels englobent une grande vari\u00e9t\u00e9 d\u2019activit\u00e9s. Ils requi\u00e8rent non seulement l\u2019application de connaissances et de comp\u00e9tences ainsi que l\u2019utilisation de technologies, mais aussi des aptitudes manuelles et des connaissances pratiques. Ces m\u00e9tiers jouent un r\u00f4le crucial dans le d\u00e9veloppement, la maintenance et l\u2019am\u00e9lioration de nos produits. Chez nous, tu auras l\u2019occasion de participer \u00e0 des projets technologiquement innovants. Nous consid\u00e9rons le d\u00e9fi comme une opportunit\u00e9 de grandir personnellement et professionnellement. Pour nous, la pens\u00e9e cr\u00e9ative est la cl\u00e9 de la ma\u00eetrise de probl\u00e8mes techniques complexes. Chez Papier Sprick, tu as la possibilit\u00e9 d\u2019apporter tes comp\u00e9tences dans diff\u00e9rents domaines techniques et commerciaux et de contribuer ainsi activement \u00e0 notre d\u00e9veloppement.<\/p>\t\t\t\t\t\t\t\t<\/div>\n\t\t\t\t<\/div>\n\t\t<div class=\"elementor-element elementor-element-178cc39 e-flex e-con-boxed e-con e-child\" data-id=\"178cc39\" data-element_type=\"container\" data-e-type=\"container\">\n\t\t\t\t\t<div class=\"e-con-inner\">\n\t\t\t\t<div data-dce-title-color=\"#0c0c0c\" class=\"elementor-element elementor-element-2a52574 elementor-widget elementor-widget-heading\" data-id=\"2a52574\" data-element_type=\"widget\" data-e-type=\"widget\" data-widget_type=\"heading.default\">\n\t\t\t\t<div class=\"elementor-widget-container\">\n\t\t\t\t\t<h2 class=\"elementor-heading-title elementor-size-default\">Offres d\u2019emploi<\/h2>\t\t\t\t<\/div>\n\t\t\t\t<\/div>\n\t\t\t\t<div class=\"elementor-element elementor-element-96ec2a1 elementor-widget elementor-widget-template\" data-id=\"96ec2a1\" data-element_type=\"widget\" data-e-type=\"widget\" data-widget_type=\"template.default\">\n\t\t\t\t<div class=\"elementor-widget-container\">\n\t\t\t\t\t\t\t<div class=\"elementor-template\">\n\t\t\t\t\t<div data-elementor-type=\"container\" data-elementor-id=\"37168\" class=\"elementor elementor-37168 elementor-33206 elementor-33206\" data-elementor-post-type=\"elementor_library\">\n\t\t\t\t<div class=\"elementor-element elementor-element-5ffb90c elementor-hidden-mobile e-flex e-con-boxed e-con e-parent\" data-id=\"5ffb90c\" data-element_type=\"container\" data-e-type=\"container\">\n\t\t\t\t\t<div class=\"e-con-inner\">\n\t\t<div class=\"elementor-element elementor-element-dec7824 e-con-full elementor-hidden-mobile e-flex e-con e-child\" data-id=\"dec7824\" data-element_type=\"container\" data-e-type=\"container\">\n\t\t\t\t<div class=\"elementor-element elementor-element-de65baf elementor-widget elementor-widget-heading\" data-id=\"de65baf\" data-element_type=\"widget\" data-e-type=\"widget\" data-widget_type=\"heading.default\">\n\t\t\t\t<div class=\"elementor-widget-container\">\n\t\t\t\t\t<h2 class=\"elementor-heading-title elementor-size-default\">Titre du poste<\/h2>\t\t\t\t<\/div>\n\t\t\t\t<\/div>\n\t\t\t\t<\/div>\n\t\t<div class=\"elementor-element elementor-element-1175f11 e-con-full elementor-hidden-mobile e-flex e-con e-child\" data-id=\"1175f11\" data-element_type=\"container\" data-e-type=\"container\">\n\t\t\t\t<div class=\"elementor-element elementor-element-4f3fb1a elementor-widget elementor-widget-heading\" data-id=\"4f3fb1a\" data-element_type=\"widget\" data-e-type=\"widget\" data-widget_type=\"heading.default\">\n\t\t\t\t<div class=\"elementor-widget-container\">\n\t\t\t\t\t<h2 class=\"elementor-heading-title elementor-size-default\">Localisation<\/h2>\t\t\t\t<\/div>\n\t\t\t\t<\/div>\n\t\t\t\t<\/div>\n\t\t<div class=\"elementor-element elementor-element-6607088 elementor-hidden-mobile e-flex e-con-boxed e-con e-child\" data-id=\"6607088\" data-element_type=\"container\" data-e-type=\"container\">\n\t\t\t\t\t<div class=\"e-con-inner\">\n\t\t\t\t<div class=\"elementor-element elementor-element-df98a1a elementor-widget elementor-widget-heading\" data-id=\"df98a1a\" data-element_type=\"widget\" data-e-type=\"widget\" data-widget_type=\"heading.default\">\n\t\t\t\t<div class=\"elementor-widget-container\">\n\t\t\t\t\t<h2 class=\"elementor-heading-title elementor-size-default\">Type de poste<\/h2>\t\t\t\t<\/div>\n\t\t\t\t<\/div>\n\t\t\t\t\t<\/div>\n\t\t\t\t<\/div>\n\t\t\t\t\t<\/div>\n\t\t\t\t<\/div>\n\t\t<div class=\"elementor-element elementor-element-c436761 e-flex e-con-boxed e-con e-parent\" data-id=\"c436761\" data-element_type=\"container\" data-e-type=\"container\">\n\t\t\t\t\t<div class=\"e-con-inner\">\n\t\t<div class=\"elementor-element elementor-element-590b5a2 e-con-full e-flex e-con e-child\" data-id=\"590b5a2\" data-element_type=\"container\" data-e-type=\"container\">\n\t\t\t\t<div class=\"elementor-element elementor-element-b65ce06 elementor-grid-1 elementor-grid-tablet-2 elementor-grid-mobile-1 elementor-widget elementor-widget-loop-grid\" data-id=\"b65ce06\" data-element_type=\"widget\" data-e-type=\"widget\" data-settings=\"{&quot;template_id&quot;:37149,&quot;columns&quot;:1,&quot;row_gap&quot;:{&quot;unit&quot;:&quot;px&quot;,&quot;size&quot;:0,&quot;sizes&quot;:[]},&quot;_skin&quot;:&quot;post&quot;,&quot;columns_tablet&quot;:&quot;2&quot;,&quot;columns_mobile&quot;:&quot;1&quot;,&quot;edit_handle_selector&quot;:&quot;[data-elementor-type=\\&quot;loop-item\\&quot;]&quot;,&quot;row_gap_tablet&quot;:{&quot;unit&quot;:&quot;px&quot;,&quot;size&quot;:&quot;&quot;,&quot;sizes&quot;:[]},&quot;row_gap_mobile&quot;:{&quot;unit&quot;:&quot;px&quot;,&quot;size&quot;:&quot;&quot;,&quot;sizes&quot;:[]}}\" data-widget_type=\"loop-grid.post\">\n\t\t\t\t<div class=\"elementor-widget-container\">\n\t\t\t\t\t\t\t<div class=\"e-loop-nothing-found-message\">\n\t\t<\/div>\n\t\t\t\t\t\t<\/div>\n\t\t\t\t<\/div>\n\t\t\t\t<\/div>\n\t\t\t\t\t<\/div>\n\t\t\t\t<\/div>\n\t\t\t\t<\/div>\n\t\t\t\t<\/div>\n\t\t\t\t\t\t<\/div>\n\t\t\t\t<\/div>\n\t\t\t\t\t<\/div>\n\t\t\t\t<\/div>\n\t\t\t\t<\/div>\n\t\t\t\t\t<\/div>\n\t\t\t\t<\/div>\n\t\t\t\t<\/div>\n\t\t","protected":false},"excerpt":{"rendered":"<p>Les m\u00e9tiers techniques et industriels chez papier sprick Nos m\u00e9tiers techniques et industriels englobent une grande vari\u00e9t\u00e9 d\u2019activit\u00e9s. Ils requi\u00e8rent non seulement l\u2019application de connaissances et de comp\u00e9tences ainsi que l\u2019utilisation de technologies, mais aussi des aptitudes manuelles et des connaissances pratiques. Ces m\u00e9tiers jouent un r\u00f4le crucial dans le d\u00e9veloppement, la maintenance et l\u2019am\u00e9lioration [&hellip;]<\/p>\n","protected":false},"author":14,"featured_media":16389,"parent":37118,"menu_order":0,"comment_status":"closed","ping_status":"closed","template":"","meta":{"_acf_changed":false,"footnotes":""},"simple-restrict-permission":[],"class_list":["post-37202","page","type-page","status-publish","has-post-thumbnail","hentry"],"acf":[],"_links":{"self":[{"href":"https:\/\/papier-sprick.de\/fr\/wp-json\/wp\/v2\/pages\/37202","targetHints":{"allow":["GET"]}}],"collection":[{"href":"https:\/\/papier-sprick.de\/fr\/wp-json\/wp\/v2\/pages"}],"about":[{"href":"https:\/\/papier-sprick.de\/fr\/wp-json\/wp\/v2\/types\/page"}],"author":[{"embeddable":true,"href":"https:\/\/papier-sprick.de\/fr\/wp-json\/wp\/v2\/users\/14"}],"replies":[{"embeddable":true,"href":"https:\/\/papier-sprick.de\/fr\/wp-json\/wp\/v2\/comments?post=37202"}],"version-history":[{"count":4,"href":"https:\/\/papier-sprick.de\/fr\/wp-json\/wp\/v2\/pages\/37202\/revisions"}],"predecessor-version":[{"id":37213,"href":"https:\/\/papier-sprick.de\/fr\/wp-json\/wp\/v2\/pages\/37202\/revisions\/37213"}],"up":[{"embeddable":true,"href":"https:\/\/papier-sprick.de\/fr\/wp-json\/wp\/v2\/pages\/37118"}],"wp:featuredmedia":[{"embeddable":true,"href":"https:\/\/papier-sprick.de\/fr\/wp-json\/wp\/v2\/media\/16389"}],"wp:attachment":[{"href":"https:\/\/papier-sprick.de\/fr\/wp-json\/wp\/v2\/media?parent=37202"}],"wp:term":[{"taxonomy":"simple-restrict-permission","embeddable":true,"href":"https:\/\/papier-sprick.de\/fr\/wp-json\/wp\/v2\/simple-restrict-permission?post=37202"}],"curies":[{"name":"wp","href":"https:\/\/api.w.org\/{rel}","templated":true}]}}