{"id":37193,"date":"2024-09-09T15:12:23","date_gmt":"2024-09-09T13:12:23","guid":{"rendered":"https:\/\/papier-sprick.de\/?page_id=37193"},"modified":"2024-09-09T15:16:50","modified_gmt":"2024-09-09T13:16:50","slug":"professions-commerciales","status":"publish","type":"page","link":"https:\/\/papier-sprick.de\/fr\/carriere\/professions-commerciales\/","title":{"rendered":"Professions commerciales"},"content":{"rendered":"\t\t<div data-elementor-type=\"wp-page\" data-elementor-id=\"37193\" class=\"elementor elementor-37193 elementor-26975\" data-elementor-post-type=\"page\">\n\t\t\t\t<div class=\"elementor-element elementor-element-4d542ca e-flex e-con-boxed e-con e-parent\" data-id=\"4d542ca\" data-element_type=\"container\" data-e-type=\"container\" data-settings=\"{&quot;background_background&quot;:&quot;classic&quot;}\">\n\t\t\t\t\t<div class=\"e-con-inner\">\n\t\t<div data-dce-background-color=\"#FFFFFF\" class=\"elementor-element elementor-element-cdd880a e-con-full e-flex e-con e-child\" data-id=\"cdd880a\" data-element_type=\"container\" data-e-type=\"container\" data-settings=\"{&quot;background_background&quot;:&quot;classic&quot;}\">\n\t\t\t\t<div class=\"elementor-element elementor-element-576f35a dce_masking-none elementor-widget elementor-widget-image\" data-id=\"576f35a\" data-element_type=\"widget\" data-e-type=\"widget\" data-widget_type=\"image.default\">\n\t\t\t\t<div class=\"elementor-widget-container\">\n\t\t\t\t\t\t\t\t\t\t\t\t\t\t\t<img fetchpriority=\"high\" decoding=\"async\" width=\"800\" height=\"298\" src=\"https:\/\/papier-sprick.de\/wp-content\/uploads\/2023\/12\/Header_kauffmaennisch_test_1600x595px-1024x381.webp\" class=\"attachment-large size-large wp-image-31706\" alt=\"Kaufm\u00e4nnische Berufe bei Papier Sprick\" srcset=\"https:\/\/papier-sprick.de\/wp-content\/uploads\/2023\/12\/Header_kauffmaennisch_test_1600x595px-1024x381.webp 1024w, https:\/\/papier-sprick.de\/wp-content\/uploads\/2023\/12\/Header_kauffmaennisch_test_1600x595px-300x112.webp 300w, https:\/\/papier-sprick.de\/wp-content\/uploads\/2023\/12\/Header_kauffmaennisch_test_1600x595px-768x286.webp 768w, https:\/\/papier-sprick.de\/wp-content\/uploads\/2023\/12\/Header_kauffmaennisch_test_1600x595px-1536x571.webp 1536w, https:\/\/papier-sprick.de\/wp-content\/uploads\/2023\/12\/Header_kauffmaennisch_test_1600x595px-600x223.webp 600w, https:\/\/papier-sprick.de\/wp-content\/uploads\/2023\/12\/Header_kauffmaennisch_test_1600x595px.webp 1600w\" sizes=\"(max-width: 800px) 100vw, 800px\" title=\"\">\t\t\t\t\t\t\t\t\t\t\t\t\t\t\t<\/div>\n\t\t\t\t<\/div>\n\t\t\t\t<\/div>\n\t\t\t\t\t<\/div>\n\t\t\t\t<\/div>\n\t\t<div class=\"elementor-element elementor-element-642a947 e-flex e-con-boxed e-con e-parent\" data-id=\"642a947\" data-element_type=\"container\" data-e-type=\"container\" data-settings=\"{&quot;background_background&quot;:&quot;classic&quot;}\">\n\t\t\t\t\t<div class=\"e-con-inner\">\n\t\t<div data-dce-background-color=\"#FFFFFF\" class=\"elementor-element elementor-element-881bd2c e-con-full e-flex e-con e-child\" data-id=\"881bd2c\" data-element_type=\"container\" data-e-type=\"container\" data-settings=\"{&quot;background_background&quot;:&quot;classic&quot;}\">\n\t\t\t\t<div class=\"elementor-element elementor-element-f3cc163 elementor-widget elementor-widget-html\" data-id=\"f3cc163\" data-element_type=\"widget\" data-e-type=\"widget\" data-widget_type=\"html.default\">\n\t\t\t\t<div class=\"elementor-widget-container\">\n\t\t\t\t\t<nav aria-label=\"breadcrumbs\" class=\"rank-math-breadcrumb\"><p><span class=\"last\">Start<\/span><\/p><\/nav>\t\t\t\t<\/div>\n\t\t\t\t<\/div>\n\t\t\t\t<div data-dce-title-color=\"#0c0c0c\" class=\"elementor-element elementor-element-13bf56a elementor-widget elementor-widget-heading\" data-id=\"13bf56a\" data-element_type=\"widget\" data-e-type=\"widget\" data-widget_type=\"heading.default\">\n\t\t\t\t<div class=\"elementor-widget-container\">\n\t\t\t\t\t<h1 class=\"elementor-heading-title elementor-size-default\">Les professions commerciales chez papier sprick<\/h1>\t\t\t\t<\/div>\n\t\t\t\t<\/div>\n\t\t\t\t<div data-dce-text-color=\"#000000\" class=\"elementor-element elementor-element-c249224 elementor-widget elementor-widget-text-editor\" data-id=\"c249224\" data-element_type=\"widget\" data-e-type=\"widget\" data-widget_type=\"text-editor.default\">\n\t\t\t\t<div class=\"elementor-widget-container\">\n\t\t\t\t\t\t\t\t\t<p>Nos m\u00e9tiers commerciaux se rapportent \u00e0 des activit\u00e9s li\u00e9es \u00e0 la gestion, \u00e0 l\u2019organisation ou au contr\u00f4le des affaires commerciales et financi\u00e8res. Ces m\u00e9tiers sont essentiels au bon d\u00e9roulement des op\u00e9rations. Nous misons sur une culture d\u2019entreprise qui consid\u00e8re les d\u00e9fis comme des opportunit\u00e9s de croissance personnelle et de d\u00e9veloppement professionnel. Nous nous concentrons sur la recherche de solutions efficaces pour g\u00e9rer les t\u00e2ches commerciales complexes. Chez Papier Sprick, nous offrons de nombreuses possibilit\u00e9s d\u2019utiliser tes comp\u00e9tences dans diff\u00e9rents domaines commerciaux et de contribuer ainsi activement au d\u00e9veloppement de notre entreprise.<\/p>\t\t\t\t\t\t\t\t<\/div>\n\t\t\t\t<\/div>\n\t\t<div class=\"elementor-element elementor-element-178cc39 e-flex e-con-boxed e-con e-child\" data-id=\"178cc39\" data-element_type=\"container\" data-e-type=\"container\">\n\t\t\t\t\t<div class=\"e-con-inner\">\n\t\t\t\t<div data-dce-title-color=\"#0c0c0c\" class=\"elementor-element elementor-element-2a52574 elementor-widget elementor-widget-heading\" data-id=\"2a52574\" data-element_type=\"widget\" data-e-type=\"widget\" data-widget_type=\"heading.default\">\n\t\t\t\t<div class=\"elementor-widget-container\">\n\t\t\t\t\t<h2 class=\"elementor-heading-title elementor-size-default\">Offres d\u2019emploi actuelles<\/h2>\t\t\t\t<\/div>\n\t\t\t\t<\/div>\n\t\t\t\t<div class=\"elementor-element elementor-element-f6dfde0 elementor-widget elementor-widget-template\" data-id=\"f6dfde0\" data-element_type=\"widget\" data-e-type=\"widget\" data-widget_type=\"template.default\">\n\t\t\t\t<div class=\"elementor-widget-container\">\n\t\t\t\t\t\t\t<div class=\"elementor-template\">\n\t\t\t\t\t<div data-elementor-type=\"container\" data-elementor-id=\"37168\" class=\"elementor elementor-37168 elementor-33206 elementor-33206\" data-elementor-post-type=\"elementor_library\">\n\t\t\t\t<div class=\"elementor-element elementor-element-5ffb90c elementor-hidden-mobile e-flex e-con-boxed e-con e-parent\" data-id=\"5ffb90c\" data-element_type=\"container\" data-e-type=\"container\">\n\t\t\t\t\t<div class=\"e-con-inner\">\n\t\t<div class=\"elementor-element elementor-element-dec7824 e-con-full elementor-hidden-mobile e-flex e-con e-child\" data-id=\"dec7824\" data-element_type=\"container\" data-e-type=\"container\">\n\t\t\t\t<div class=\"elementor-element elementor-element-de65baf elementor-widget elementor-widget-heading\" data-id=\"de65baf\" data-element_type=\"widget\" data-e-type=\"widget\" data-widget_type=\"heading.default\">\n\t\t\t\t<div class=\"elementor-widget-container\">\n\t\t\t\t\t<h2 class=\"elementor-heading-title elementor-size-default\">Titre du poste<\/h2>\t\t\t\t<\/div>\n\t\t\t\t<\/div>\n\t\t\t\t<\/div>\n\t\t<div class=\"elementor-element elementor-element-1175f11 e-con-full elementor-hidden-mobile e-flex e-con e-child\" data-id=\"1175f11\" data-element_type=\"container\" data-e-type=\"container\">\n\t\t\t\t<div class=\"elementor-element elementor-element-4f3fb1a elementor-widget elementor-widget-heading\" data-id=\"4f3fb1a\" data-element_type=\"widget\" data-e-type=\"widget\" data-widget_type=\"heading.default\">\n\t\t\t\t<div class=\"elementor-widget-container\">\n\t\t\t\t\t<h2 class=\"elementor-heading-title elementor-size-default\">Localisation<\/h2>\t\t\t\t<\/div>\n\t\t\t\t<\/div>\n\t\t\t\t<\/div>\n\t\t<div class=\"elementor-element elementor-element-6607088 elementor-hidden-mobile e-flex e-con-boxed e-con e-child\" data-id=\"6607088\" data-element_type=\"container\" data-e-type=\"container\">\n\t\t\t\t\t<div class=\"e-con-inner\">\n\t\t\t\t<div class=\"elementor-element elementor-element-df98a1a elementor-widget elementor-widget-heading\" data-id=\"df98a1a\" data-element_type=\"widget\" data-e-type=\"widget\" data-widget_type=\"heading.default\">\n\t\t\t\t<div class=\"elementor-widget-container\">\n\t\t\t\t\t<h2 class=\"elementor-heading-title elementor-size-default\">Type de poste<\/h2>\t\t\t\t<\/div>\n\t\t\t\t<\/div>\n\t\t\t\t\t<\/div>\n\t\t\t\t<\/div>\n\t\t\t\t\t<\/div>\n\t\t\t\t<\/div>\n\t\t<div class=\"elementor-element elementor-element-c436761 e-flex e-con-boxed e-con e-parent\" data-id=\"c436761\" data-element_type=\"container\" data-e-type=\"container\">\n\t\t\t\t\t<div class=\"e-con-inner\">\n\t\t<div class=\"elementor-element elementor-element-590b5a2 e-con-full e-flex e-con e-child\" data-id=\"590b5a2\" data-element_type=\"container\" data-e-type=\"container\">\n\t\t\t\t<div class=\"elementor-element elementor-element-b65ce06 elementor-grid-1 elementor-grid-tablet-2 elementor-grid-mobile-1 elementor-widget elementor-widget-loop-grid\" data-id=\"b65ce06\" data-element_type=\"widget\" data-e-type=\"widget\" data-settings=\"{&quot;template_id&quot;:37149,&quot;columns&quot;:1,&quot;row_gap&quot;:{&quot;unit&quot;:&quot;px&quot;,&quot;size&quot;:0,&quot;sizes&quot;:[]},&quot;_skin&quot;:&quot;post&quot;,&quot;columns_tablet&quot;:&quot;2&quot;,&quot;columns_mobile&quot;:&quot;1&quot;,&quot;edit_handle_selector&quot;:&quot;[data-elementor-type=\\&quot;loop-item\\&quot;]&quot;,&quot;row_gap_tablet&quot;:{&quot;unit&quot;:&quot;px&quot;,&quot;size&quot;:&quot;&quot;,&quot;sizes&quot;:[]},&quot;row_gap_mobile&quot;:{&quot;unit&quot;:&quot;px&quot;,&quot;size&quot;:&quot;&quot;,&quot;sizes&quot;:[]}}\" data-widget_type=\"loop-grid.post\">\n\t\t\t\t<div class=\"elementor-widget-container\">\n\t\t\t\t\t\t\t<div class=\"e-loop-nothing-found-message\">\n\t\t<\/div>\n\t\t\t\t\t\t<\/div>\n\t\t\t\t<\/div>\n\t\t\t\t<\/div>\n\t\t\t\t\t<\/div>\n\t\t\t\t<\/div>\n\t\t\t\t<\/div>\n\t\t\t\t<\/div>\n\t\t\t\t\t\t<\/div>\n\t\t\t\t<\/div>\n\t\t\t\t\t<\/div>\n\t\t\t\t<\/div>\n\t\t\t\t<\/div>\n\t\t\t\t\t<\/div>\n\t\t\t\t<\/div>\n\t\t\t\t<\/div>\n\t\t","protected":false},"excerpt":{"rendered":"<p>Les professions commerciales chez papier sprick Nos m\u00e9tiers commerciaux se rapportent \u00e0 des activit\u00e9s li\u00e9es \u00e0 la gestion, \u00e0 l\u2019organisation ou au contr\u00f4le des affaires commerciales et financi\u00e8res. Ces m\u00e9tiers sont essentiels au bon d\u00e9roulement des op\u00e9rations. Nous misons sur une culture d\u2019entreprise qui consid\u00e8re les d\u00e9fis comme des opportunit\u00e9s de croissance personnelle et de [&hellip;]<\/p>\n","protected":false},"author":14,"featured_media":16389,"parent":37118,"menu_order":0,"comment_status":"closed","ping_status":"closed","template":"","meta":{"_acf_changed":false,"footnotes":""},"simple-restrict-permission":[],"class_list":["post-37193","page","type-page","status-publish","has-post-thumbnail","hentry"],"acf":[],"_links":{"self":[{"href":"https:\/\/papier-sprick.de\/fr\/wp-json\/wp\/v2\/pages\/37193","targetHints":{"allow":["GET"]}}],"collection":[{"href":"https:\/\/papier-sprick.de\/fr\/wp-json\/wp\/v2\/pages"}],"about":[{"href":"https:\/\/papier-sprick.de\/fr\/wp-json\/wp\/v2\/types\/page"}],"author":[{"embeddable":true,"href":"https:\/\/papier-sprick.de\/fr\/wp-json\/wp\/v2\/users\/14"}],"replies":[{"embeddable":true,"href":"https:\/\/papier-sprick.de\/fr\/wp-json\/wp\/v2\/comments?post=37193"}],"version-history":[{"count":10,"href":"https:\/\/papier-sprick.de\/fr\/wp-json\/wp\/v2\/pages\/37193\/revisions"}],"predecessor-version":[{"id":37210,"href":"https:\/\/papier-sprick.de\/fr\/wp-json\/wp\/v2\/pages\/37193\/revisions\/37210"}],"up":[{"embeddable":true,"href":"https:\/\/papier-sprick.de\/fr\/wp-json\/wp\/v2\/pages\/37118"}],"wp:featuredmedia":[{"embeddable":true,"href":"https:\/\/papier-sprick.de\/fr\/wp-json\/wp\/v2\/media\/16389"}],"wp:attachment":[{"href":"https:\/\/papier-sprick.de\/fr\/wp-json\/wp\/v2\/media?parent=37193"}],"wp:term":[{"taxonomy":"simple-restrict-permission","embeddable":true,"href":"https:\/\/papier-sprick.de\/fr\/wp-json\/wp\/v2\/simple-restrict-permission?post=37193"}],"curies":[{"name":"wp","href":"https:\/\/api.w.org\/{rel}","templated":true}]}}