{"id":16247,"date":"2021-06-08T10:21:38","date_gmt":"2021-06-08T09:21:38","guid":{"rendered":"https:\/\/papier-sprick.de\/mentions-legales\/"},"modified":"2026-01-14T13:09:25","modified_gmt":"2026-01-14T11:09:25","slug":"mentions-legales","status":"publish","type":"page","link":"https:\/\/papier-sprick.de\/fr\/mentions-legales\/","title":{"rendered":"Mentions l\u00e9gales"},"content":{"rendered":"\t\t<div data-elementor-type=\"wp-page\" data-elementor-id=\"16247\" class=\"elementor elementor-16247 elementor-485\" data-elementor-post-type=\"page\">\n\t\t\t\t<div class=\"elementor-element elementor-element-2095024 e-flex e-con-boxed e-con e-parent\" data-id=\"2095024\" data-element_type=\"container\" data-e-type=\"container\" data-settings=\"{&quot;background_background&quot;:&quot;classic&quot;}\">\n\t\t\t\t\t<div class=\"e-con-inner\">\n\t\t<div data-dce-background-color=\"#FFFFFF\" class=\"elementor-element elementor-element-7c9b1bd e-con-full e-flex e-con e-child\" data-id=\"7c9b1bd\" data-element_type=\"container\" data-e-type=\"container\" data-settings=\"{&quot;background_background&quot;:&quot;classic&quot;}\">\n\t\t\t\t<div class=\"elementor-element elementor-element-aac3a3e elementor-widget elementor-widget-html\" data-id=\"aac3a3e\" data-element_type=\"widget\" data-e-type=\"widget\" data-widget_type=\"html.default\">\n\t\t\t\t<div class=\"elementor-widget-container\">\n\t\t\t\t\t<nav aria-label=\"breadcrumbs\" class=\"rank-math-breadcrumb\"><p><span class=\"last\">Start<\/span><\/p><\/nav>\t\t\t\t<\/div>\n\t\t\t\t<\/div>\n\t\t\t\t<div data-dce-title-color=\"#0c0c0c\" class=\"elementor-element elementor-element-96e2656 elementor-widget elementor-widget-heading\" data-id=\"96e2656\" data-element_type=\"widget\" data-e-type=\"widget\" data-widget_type=\"heading.default\">\n\t\t\t\t<div class=\"elementor-widget-container\">\n\t\t\t\t\t<h1 class=\"elementor-heading-title elementor-size-default\">Mentions l\u00e9gales<\/h1>\t\t\t\t<\/div>\n\t\t\t\t<\/div>\n\t\t\t\t<div data-dce-text-color=\"#000000\" class=\"elementor-element elementor-element-f1b8ebd elementor-widget elementor-widget-text-editor\" data-id=\"f1b8ebd\" data-element_type=\"widget\" data-e-type=\"widget\" data-widget_type=\"text-editor.default\">\n\t\t\t\t<div class=\"elementor-widget-container\">\n\t\t\t\t\t\t\t\t\t<p><strong>Sprick GmbH<br \/>Bielefelder Papier- und Wellpappenwerke &amp; Co.<\/strong><br \/>Si\u00e8ge de Bielefeld<br \/>Registre du commerce Tribunal d&#8217;instance de Bielefeld A 12763<br \/><strong>Courrier \u00e9lectronique : info@papier-sprick.de<br \/>www.papier-sprick.de\/fr\/<\/strong><\/p><p>Associ\u00e9 responsable personnellement :<br \/>Sprick GmbH, si\u00e8ge \u00e0 Bielefeld<br \/>Registre du commerce Tribunal d&#8217;instance de Bielefeld B 32279<br \/>G\u00e9rant : Dr. S. Sprick-Sch\u00fctte, Ing\u00e9nieur dipl\u00f4m\u00e9 A. Sprick-Sch\u00fctte<br \/>N\u00b0 de TVA : DE124001517, N\u00b0 d&#8217;imp\u00f4t : <span class=\"ui-provider a b c d e f g h i j k l m n o p q r s t u v w x y z ab ac ae af ag ah ai aj ak\" dir=\"ltr\">305\/5873\/4782<\/span><\/p><p><b>Remarque concernant la loi sur l&#8217;arbitrage en mati\u00e8re de consommation :<br \/><\/b>L&#8217;entreprise Sprick GmbH Bielefelder Papier- und Wellpappewerke &amp; Co. n&#8217;est pas tenue de participer \u00e0 des proc\u00e9dures de r\u00e8glement des litiges devant une instance d&#8217;arbitrage des consommateurs et n&#8217;est pas non plus dispos\u00e9e \u00e0 le faire. L&#8217;entreprise Sprick GmbH Bielefelder Papier- und Wellpappewerke &amp; Co. ne participe donc pas aux proc\u00e9dures de r\u00e8glement des litiges devant une instance d&#8217;arbitrage des consommateurs.<\/p>\t\t\t\t\t\t\t\t<\/div>\n\t\t\t\t<\/div>\n\t\t\t\t<\/div>\n\t\t\t\t\t<\/div>\n\t\t\t\t<\/div>\n\t\t\t\t<\/div>\n\t\t","protected":false},"excerpt":{"rendered":"<p>Mentions l\u00e9gales Sprick GmbHBielefelder Papier- und Wellpappenwerke &amp; Co.Si\u00e8ge de BielefeldRegistre du commerce Tribunal d&#8217;instance de Bielefeld A 12763Courrier \u00e9lectronique : info@papier-sprick.dewww.papier-sprick.de\/fr\/ Associ\u00e9 responsable personnellement :Sprick GmbH, si\u00e8ge \u00e0 BielefeldRegistre du commerce Tribunal d&#8217;instance de Bielefeld B 32279G\u00e9rant : Dr. S. Sprick-Sch\u00fctte, Ing\u00e9nieur dipl\u00f4m\u00e9 A. Sprick-Sch\u00fctteN\u00b0 de TVA : DE124001517, N\u00b0 d&#8217;imp\u00f4t : 305\/5873\/4782 Remarque [&hellip;]<\/p>\n","protected":false},"author":14,"featured_media":0,"parent":0,"menu_order":0,"comment_status":"closed","ping_status":"closed","template":"","meta":{"_acf_changed":false,"footnotes":""},"simple-restrict-permission":[],"class_list":["post-16247","page","type-page","status-publish","hentry"],"acf":[],"_links":{"self":[{"href":"https:\/\/papier-sprick.de\/fr\/wp-json\/wp\/v2\/pages\/16247","targetHints":{"allow":["GET"]}}],"collection":[{"href":"https:\/\/papier-sprick.de\/fr\/wp-json\/wp\/v2\/pages"}],"about":[{"href":"https:\/\/papier-sprick.de\/fr\/wp-json\/wp\/v2\/types\/page"}],"author":[{"embeddable":true,"href":"https:\/\/papier-sprick.de\/fr\/wp-json\/wp\/v2\/users\/14"}],"replies":[{"embeddable":true,"href":"https:\/\/papier-sprick.de\/fr\/wp-json\/wp\/v2\/comments?post=16247"}],"version-history":[{"count":15,"href":"https:\/\/papier-sprick.de\/fr\/wp-json\/wp\/v2\/pages\/16247\/revisions"}],"predecessor-version":[{"id":44136,"href":"https:\/\/papier-sprick.de\/fr\/wp-json\/wp\/v2\/pages\/16247\/revisions\/44136"}],"wp:attachment":[{"href":"https:\/\/papier-sprick.de\/fr\/wp-json\/wp\/v2\/media?parent=16247"}],"wp:term":[{"taxonomy":"simple-restrict-permission","embeddable":true,"href":"https:\/\/papier-sprick.de\/fr\/wp-json\/wp\/v2\/simple-restrict-permission?post=16247"}],"curies":[{"name":"wp","href":"https:\/\/api.w.org\/{rel}","templated":true}]}}