{"id":16175,"date":"2021-06-07T15:02:37","date_gmt":"2021-06-07T14:02:37","guid":{"rendered":"https:\/\/papier-sprick.de\/sites-dimplantation\/"},"modified":"2023-08-24T09:44:28","modified_gmt":"2023-08-24T07:44:28","slug":"sites-dimplantation","status":"publish","type":"page","link":"https:\/\/papier-sprick.de\/fr\/entreprise\/sites-dimplantation\/","title":{"rendered":"Sites d&#8217;implantation"},"content":{"rendered":"\t\t<div data-elementor-type=\"wp-page\" data-elementor-id=\"16175\" class=\"elementor elementor-16175 elementor-2945\" data-elementor-post-type=\"page\">\n\t\t\t\t<div class=\"elementor-element elementor-element-083a4ed e-flex e-con-boxed e-con e-parent\" data-id=\"083a4ed\" data-element_type=\"container\" data-e-type=\"container\" data-settings=\"{&quot;background_background&quot;:&quot;classic&quot;}\">\n\t\t\t\t\t<div class=\"e-con-inner\">\n\t\t<div data-dce-background-color=\"#FFFFFF\" class=\"elementor-element elementor-element-82e2364 e-con-full e-flex e-con e-child\" data-id=\"82e2364\" data-element_type=\"container\" data-e-type=\"container\" data-settings=\"{&quot;background_background&quot;:&quot;classic&quot;}\">\n\t\t\t\t<div class=\"elementor-element elementor-element-ca6d248 dce_masking-none elementor-widget elementor-widget-image\" data-id=\"ca6d248\" data-element_type=\"widget\" data-e-type=\"widget\" data-widget_type=\"image.default\">\n\t\t\t\t<div class=\"elementor-widget-container\">\n\t\t\t\t\t\t\t\t\t\t\t\t\t\t\t<img fetchpriority=\"high\" decoding=\"async\" width=\"1108\" height=\"280\" src=\"https:\/\/papier-sprick.de\/wp-content\/uploads\/2020\/09\/Header_Ebene2_Hanfstr.jpg\" class=\"attachment-full size-full wp-image-21043\" alt=\"\" srcset=\"https:\/\/papier-sprick.de\/wp-content\/uploads\/2020\/09\/Header_Ebene2_Hanfstr.jpg 1108w, https:\/\/papier-sprick.de\/wp-content\/uploads\/2020\/09\/Header_Ebene2_Hanfstr-600x152.jpg 600w, https:\/\/papier-sprick.de\/wp-content\/uploads\/2020\/09\/Header_Ebene2_Hanfstr-300x76.jpg 300w, https:\/\/papier-sprick.de\/wp-content\/uploads\/2020\/09\/Header_Ebene2_Hanfstr-1024x259.jpg 1024w, https:\/\/papier-sprick.de\/wp-content\/uploads\/2020\/09\/Header_Ebene2_Hanfstr-768x194.jpg 768w\" sizes=\"(max-width: 1108px) 100vw, 1108px\" title=\"\">\t\t\t\t\t\t\t\t\t\t\t\t\t\t\t<\/div>\n\t\t\t\t<\/div>\n\t\t\t\t<\/div>\n\t\t\t\t\t<\/div>\n\t\t\t\t<\/div>\n\t\t<div class=\"elementor-element elementor-element-5c2b2c2 e-flex e-con-boxed e-con e-parent\" data-id=\"5c2b2c2\" data-element_type=\"container\" data-e-type=\"container\" data-settings=\"{&quot;background_background&quot;:&quot;classic&quot;}\">\n\t\t\t\t\t<div class=\"e-con-inner\">\n\t\t<div data-dce-background-color=\"#FFFFFF\" class=\"elementor-element elementor-element-f85cc2d e-con-full e-flex e-con e-child\" data-id=\"f85cc2d\" data-element_type=\"container\" data-e-type=\"container\" data-settings=\"{&quot;background_background&quot;:&quot;classic&quot;}\">\n\t\t\t\t<div class=\"elementor-element elementor-element-0d64435 elementor-widget elementor-widget-html\" data-id=\"0d64435\" data-element_type=\"widget\" data-e-type=\"widget\" data-widget_type=\"html.default\">\n\t\t\t\t<div class=\"elementor-widget-container\">\n\t\t\t\t\t<nav aria-label=\"breadcrumbs\" class=\"rank-math-breadcrumb\"><p><span class=\"last\">Start<\/span><\/p><\/nav>\t\t\t\t<\/div>\n\t\t\t\t<\/div>\n\t\t\t\t<div data-dce-title-color=\"#0c0c0c\" class=\"elementor-element elementor-element-3f26b85 elementor-widget elementor-widget-heading\" data-id=\"3f26b85\" data-element_type=\"widget\" data-e-type=\"widget\" data-widget_type=\"heading.default\">\n\t\t\t\t<div class=\"elementor-widget-container\">\n\t\t\t\t\t<h1 class=\"elementor-heading-title elementor-size-default\">Sites d&#8217;implantation<\/h1>\t\t\t\t<\/div>\n\t\t\t\t<\/div>\n\t\t<div class=\"elementor-element elementor-element-1b2cd87 e-con-full e-flex e-con e-child\" data-id=\"1b2cd87\" data-element_type=\"container\" data-e-type=\"container\">\n\t\t<div class=\"elementor-element elementor-element-5e0120f e-con-full e-flex e-con e-child\" data-id=\"5e0120f\" data-element_type=\"container\" data-e-type=\"container\">\n\t\t\t\t<div data-dce-text-color=\"#000000\" class=\"elementor-element elementor-element-b9bed5f elementor-widget elementor-widget-text-editor\" data-id=\"b9bed5f\" data-element_type=\"widget\" data-e-type=\"widget\" data-widget_type=\"text-editor.default\">\n\t\t\t\t<div class=\"elementor-widget-container\">\n\t\t\t\t\t\t\t\t\t<p><strong>4 x en Allemagne et un r\u00e9seau fort en Europe<\/strong><\/p>\t\t\t\t\t\t\t\t<\/div>\n\t\t\t\t<\/div>\n\t\t\t\t<\/div>\n\t\t<div class=\"elementor-element elementor-element-c5697e4 e-con-full e-flex e-con e-child\" data-id=\"c5697e4\" data-element_type=\"container\" data-e-type=\"container\">\n\t\t\t\t<\/div>\n\t\t\t\t<\/div>\n\t\t<div class=\"elementor-element elementor-element-094e34e e-con-full e-flex e-con e-child\" data-id=\"094e34e\" data-element_type=\"container\" data-e-type=\"container\">\n\t\t<div class=\"elementor-element elementor-element-76b90a1 e-con-full e-flex e-con e-child\" data-id=\"76b90a1\" data-element_type=\"container\" data-e-type=\"container\">\n\t\t\t\t<div data-dce-title-color=\"#000000\" class=\"elementor-element elementor-element-fecb9bd elementor-widget elementor-widget-heading\" data-id=\"fecb9bd\" data-element_type=\"widget\" data-e-type=\"widget\" data-widget_type=\"heading.default\">\n\t\t\t\t<div class=\"elementor-widget-container\">\n\t\t\t\t\t<h3 class=\"elementor-heading-title elementor-size-default\">Sites en Allemagne :<\/h3>\t\t\t\t<\/div>\n\t\t\t\t<\/div>\n\t\t\t\t<div data-dce-text-color=\"#000000\" class=\"elementor-element elementor-element-38828f6 elementor-widget elementor-widget-text-editor\" data-id=\"38828f6\" data-element_type=\"widget\" data-e-type=\"widget\" data-widget_type=\"text-editor.default\">\n\t\t\t\t<div class=\"elementor-widget-container\">\n\t\t\t\t\t\t\t\t\t<p><b>Si\u00e8ge social<\/b><br>Hanfstr. 23<br>DE-33607 Bielefeld<\/p><p><b>G\u00e9nie m\u00e9canique<\/b><br>Schelpmilser Weg 14b<br>DE-33609 Bielefeld<\/p><p><b>Plante centrale<\/b><br>Orpethaler Str. 26<br>DE-34474 Diemelstadt<\/p><p><b>Plante du Nord<\/b><br>Kirchweg 110<br>DE-24558 Henstedt-Ulzburg<\/p>\t\t\t\t\t\t\t\t<\/div>\n\t\t\t\t<\/div>\n\t\t\t\t<div data-dce-text-color=\"#000000\" class=\"elementor-element elementor-element-94c028a elementor-widget elementor-widget-text-editor\" data-id=\"94c028a\" data-element_type=\"widget\" data-e-type=\"widget\" data-widget_type=\"text-editor.default\">\n\t\t\t\t<div class=\"elementor-widget-container\">\n\t\t\t\t\t\t\t\t\t<p><strong>Distribution dans :<\/strong> <br>Autriche, Belgique, Danemark, Espagne, France, Hongrie, Italie, Luxembourg, Pays-Bas, Pologne, R\u00e9publique tch\u00e8que, Roumanie, Royaume-Uni, Slovaquie, Slov\u00e9nie, Su\u00e8de, Suisse<\/p>\t\t\t\t\t\t\t\t<\/div>\n\t\t\t\t<\/div>\n\t\t\t\t<\/div>\n\t\t<div class=\"elementor-element elementor-element-1e84c16 e-con-full e-flex e-con e-child\" data-id=\"1e84c16\" data-element_type=\"container\" data-e-type=\"container\">\n\t\t\t\t<div class=\"elementor-element elementor-element-8b64220 dce_masking-none elementor-invisible elementor-widget elementor-widget-image\" data-id=\"8b64220\" data-element_type=\"widget\" data-e-type=\"widget\" data-settings=\"{&quot;_animation&quot;:&quot;fadeIn&quot;}\" data-widget_type=\"image.default\">\n\t\t\t\t<div class=\"elementor-widget-container\">\n\t\t\t\t\t\t\t\t\t\t\t\t<figure class=\"wp-caption\">\n\t\t\t\t\t\t\t\t\t\t\t<a href=\"https:\/\/papier-sprick.de\/wp-content\/uploads\/2021\/01\/sprick_standorte5.jpg\" data-elementor-open-lightbox=\"yes\" data-elementor-lightbox-title=\"sprick_standorte5\" data-e-action-hash=\"#elementor-action%3Aaction%3Dlightbox%26settings%3DeyJpZCI6MTYxNzgsInVybCI6Imh0dHBzOlwvXC9wYXBpZXItc3ByaWNrLmRlXC93cC1jb250ZW50XC91cGxvYWRzXC8yMDIxXC8wMVwvc3ByaWNrX3N0YW5kb3J0ZTUuanBnIn0%3D\">\n\t\t\t\t\t\t\t<img decoding=\"async\" width=\"1242\" height=\"1241\" src=\"https:\/\/papier-sprick.de\/wp-content\/uploads\/2021\/01\/sprick_standorte5.jpg\" class=\"attachment-full size-full wp-image-16178\" alt=\"\" srcset=\"https:\/\/papier-sprick.de\/wp-content\/uploads\/2021\/01\/sprick_standorte5.jpg 1242w, https:\/\/papier-sprick.de\/wp-content\/uploads\/2021\/01\/sprick_standorte5-300x300.jpg 300w, https:\/\/papier-sprick.de\/wp-content\/uploads\/2021\/01\/sprick_standorte5-1024x1024.jpg 1024w, https:\/\/papier-sprick.de\/wp-content\/uploads\/2021\/01\/sprick_standorte5-150x150.jpg 150w, https:\/\/papier-sprick.de\/wp-content\/uploads\/2021\/01\/sprick_standorte5-768x767.jpg 768w\" sizes=\"(max-width: 1242px) 100vw, 1242px\" title=\"\">\t\t\t\t\t\t\t\t<\/a>\n\t\t\t\t\t\t\t\t\t\t\t<figcaption class=\"widget-image-caption wp-caption-text\">Cliquez pour agrandir.<\/figcaption>\n\t\t\t\t\t\t\t\t\t\t<\/figure>\n\t\t\t\t\t\t\t\t\t<\/div>\n\t\t\t\t<\/div>\n\t\t\t\t<\/div>\n\t\t\t\t<\/div>\n\t\t\t\t<\/div>\n\t\t\t\t\t<\/div>\n\t\t\t\t<\/div>\n\t\t\t\t<\/div>\n\t\t","protected":false},"excerpt":{"rendered":"<p>Start 4 x en Allemagne et un r\u00e9seau fort en Europe Sites en Allemagne : Si\u00e8ge socialHanfstr. 23DE-33607 Bielefeld G\u00e9nie m\u00e9caniqueSchelpmilser Weg 14bDE-33609 Bielefeld Plante centraleOrpethaler Str. 26DE-34474 Diemelstadt Plante du NordKirchweg 110DE-24558 Henstedt-Ulzburg Distribution dans : Autriche, Belgique, Danemark, Espagne, France, Hongrie, Italie, Luxembourg, Pays-Bas, Pologne, R\u00e9publique tch\u00e8que, Roumanie, Royaume-Uni, Slovaquie, Slov\u00e9nie, Su\u00e8de, Suisse [&hellip;]<\/p>\n","protected":false},"author":14,"featured_media":0,"parent":16409,"menu_order":0,"comment_status":"closed","ping_status":"closed","template":"","meta":{"_acf_changed":false,"footnotes":""},"simple-restrict-permission":[],"class_list":["post-16175","page","type-page","status-publish","hentry"],"acf":[],"_links":{"self":[{"href":"https:\/\/papier-sprick.de\/fr\/wp-json\/wp\/v2\/pages\/16175","targetHints":{"allow":["GET"]}}],"collection":[{"href":"https:\/\/papier-sprick.de\/fr\/wp-json\/wp\/v2\/pages"}],"about":[{"href":"https:\/\/papier-sprick.de\/fr\/wp-json\/wp\/v2\/types\/page"}],"author":[{"embeddable":true,"href":"https:\/\/papier-sprick.de\/fr\/wp-json\/wp\/v2\/users\/14"}],"replies":[{"embeddable":true,"href":"https:\/\/papier-sprick.de\/fr\/wp-json\/wp\/v2\/comments?post=16175"}],"version-history":[{"count":12,"href":"https:\/\/papier-sprick.de\/fr\/wp-json\/wp\/v2\/pages\/16175\/revisions"}],"predecessor-version":[{"id":27207,"href":"https:\/\/papier-sprick.de\/fr\/wp-json\/wp\/v2\/pages\/16175\/revisions\/27207"}],"up":[{"embeddable":true,"href":"https:\/\/papier-sprick.de\/fr\/wp-json\/wp\/v2\/pages\/16409"}],"wp:attachment":[{"href":"https:\/\/papier-sprick.de\/fr\/wp-json\/wp\/v2\/media?parent=16175"}],"wp:term":[{"taxonomy":"simple-restrict-permission","embeddable":true,"href":"https:\/\/papier-sprick.de\/fr\/wp-json\/wp\/v2\/simple-restrict-permission?post=16175"}],"curies":[{"name":"wp","href":"https:\/\/api.w.org\/{rel}","templated":true}]}}